{"id":37,"date":"2021-06-22T06:53:31","date_gmt":"2021-06-22T06:53:31","guid":{"rendered":"https:\/\/peltekova.com\/?page_id=37"},"modified":"2021-12-28T16:19:07","modified_gmt":"2021-12-28T14:19:07","slug":"publikaczii","status":"publish","type":"page","link":"https:\/\/peltekova.com\/en\/publikaczii\/","title":{"rendered":"Publications"},"content":{"rendered":"<style>\/*! elementor - v3.5.2 - 26-12-2021 *\/\n.elementor-heading-title{padding:0;margin:0;line-height:1}.elementor-widget-heading .elementor-heading-title[class*=elementor-size-]>a{color:inherit;font-size:inherit;line-height:inherit}.elementor-widget-heading .elementor-heading-title.elementor-size-small{font-size:15px}.elementor-widget-heading .elementor-heading-title.elementor-size-medium{font-size:19px}.elementor-widget-heading .elementor-heading-title.elementor-size-large{font-size:29px}.elementor-widget-heading .elementor-heading-title.elementor-size-xl{font-size:39px}.elementor-widget-heading .elementor-heading-title.elementor-size-xxl{font-size:59px}<\/style>\n<h1>Publications<\/h1>\n<p><strong>Paper in journal<\/strong><\/p>\n<p>1\u00a0 \u00a0 \u00a0 \u00a0 \u00a0 \u00a0 \u00a0 \u00a0 \u00a0 Elitsa Peltekova, Grzegorz Gawdzik, Robert Budzy\u0144ski, Arkadiusz Or\u0142owski, Eliza Stefanova (2017) Virtual Campus Walk, EduAkcja, Issue: nr. 2 (14), 2017, pp.125-132, doi:ISSN 2081-870X, in collaboration with international researchers<\/p>\n<p>\u00a0<\/p>\n<p>2\u00a0 \u00a0 \u00a0 \u00a0 \u00a0 \u00a0 \u00a0 \u00a0 \u00a0 Elitsa Peltekova, Eliza Stefanova (2016) Inquiry-based Learning &#8222;Outside&#8220; the Classroom with Virtual Reality Devices, Modern Information Technologies and IT-Education, Vol-1761, 2016, pp.232-236, ISSN: 1613-0073, Ref IF (0.14 &#8211; 2015)<\/p>\n<p>\u00a0<\/p>\n<p><strong>Paper in series<\/strong><\/p>\n<p>\u00a0<\/p>\n<p>3\u00a0 \u00a0 \u00a0 \u00a0 \u00a0 \u00a0 \u00a0 \u00a0 \u00a0 Elitsa Peltekova, XR Cosmos \u2013 virtual reality and augmented reality in education, NAUKA (SCIENCE JOURNAL), volume: \u0425\u0425\u0425, Issue:6, 2020, pp.29-30, published by the Union of Scientists in Bulgaria, ISSN (print):0861 3362, ISSN (online):2603-3623, Ref, (INION RAN, http:\/\/inion.ru\/)<\/p>\n<p>\u00a0<\/p>\n<p>4\u00a0 \u00a0 \u00a0 \u00a0 \u00a0 \u00a0 \u00a0 \u00a0 \u00a0 Albena Antonova, Temenuzhka Zafirova-Malcheva, Elitsa Peltekova, Selected highlights from the children&#8217;s program during European Researchers\u2019 Night at Sofia University St. Kliment Ohridski, NAUKA (SCIENCE JOURNAL), volume: XXIX, Issue:6, 2019, pp.23-26, published by the Union of Scientists in Bulgaria, ISSN (print):0861 3362, ISSN (online):2603-3623, Ref, (http:\/\/inion.ru\/)<\/p>\n<p>\u00a0<\/p>\n<p>5\u00a0 \u00a0 \u00a0 \u00a0 \u00a0 \u00a0 \u00a0 \u00a0 \u00a0 Albena Antonova, Elitsa Peltekova, Children&#8217;s program during European Researchers\u2019 Night at Sofia University St. Kliment Ohridski, NAUKA (SCIENCE JOURNAL), Issue: 6, 2018, pp.:48-51, published by the Union of Scientists in Bulgaria, ISSN (print):0861 3362, ISSN (online):2603-3623<\/p>\n<p>\u00a0<\/p>\n<p><strong>Paper in conference proceedings<\/strong><\/p>\n<p>\u00a0<\/p>\n<p>6\u00a0 \u00a0 \u00a0 \u00a0 \u00a0 \u00a0 \u00a0 \u00a0 \u00a0 Elitsa Peltekova, Eliza Stefanova, Integration of VR in educational process, Proceedings of the Fiftieth Jubilee Spring Conference of the Union of Bulgarian Mathematicians, September 01-05 2021, Burgas, Bulgaria, pp. 290-297, ISSN 1313-3330<\/p>\n<p>\u00a0<\/p>\n<p>7\u00a0 \u00a0 \u00a0 \u00a0 \u00a0 \u00a0 \u00a0 \u00a0 \u00a0 Elitsa Peltekova, Eliza Stefanova, The Virtual Reality Potential in Class, INTED2021 Proceedings, 2021, pages:10247-10254, ISSN (online):2340-1079, ISBN:978-84-09-27666-0, doi:10.21125\/inted.2021.2138<\/p>\n<p>\u00a0<\/p>\n<p>8\u00a0 \u00a0 \u00a0 \u00a0 \u00a0 \u00a0 \u00a0 \u00a0 \u00a0 N. Nikolova, A. Antonova, E. Stefanova, T. Zafirova-Malcheva, D. Miteva, E. Peltekova, P. Mihnev (2020) Design and evaluation of a holistic framework for participatory IBL validation, involving policymakers, teacher trainers and teachers in STEM, INTED2020 Proceedings, editor\/s:L. G\u00f3mez Chova, A. L\u00f3pez Mart\u00ednez, I. Candel Torres, Publisher:IATED Academy, 2020, pages:2360-2369, ISSN (online):2340-1079, ISBN:978-84-09-17939-8, doi:10.21125\/inted.2020.0720, (IATED Digital Library, Crossref)<\/p>\n<p>\u00a0<\/p>\n<p>9\u00a0 \u00a0 \u00a0 \u00a0 \u00a0 \u00a0 \u00a0 \u00a0 \u00a0 Elitsa Peltekova, Eliza Stefanova, Nikolina Nikolova (2019) Space Safari \u2013 Challenge for STEM Rangers, Proceedings of ACM CompSysTech&#8217;19, 21-22 June 2019, University of Ruse, Bulgaria, editor\/s:Tzvetomir Vassilev, Angel Smrikarov, Publisher:ACM Digital Library, 2019, pages:292-298, ISBN:978-1-4503-7149-0, doi:https:\/\/doi.org\/10.1145\/3345252.3345273, Ref, SCOPUS, SJR (0.169 &#8211; 2018), ACM Digital Library<\/p>\n<p>\u00a0<\/p>\n<p>10\u00a0 \u00a0 \u00a0 \u00a0 \u00a0 \u00a0 \u00a0 \u00a0Elitsa Peltekova, Aleksandar Dimov, Eliza Stefanova (2018) Improvement of Students\u2019 Achievement via VR Technology, Interactive Mobile Communication Technologies and Learning. IMCL 2017. Advances in Intelligent Systems and Computing, Auer M., Tsiatsos T., Springer, Cham, 2018, pp.36-43, doi:https:\/\/doi.org\/10.1007\/978-3-319-75175-7_5<\/p>\n<p>\u00a0<\/p>\n<p>11\u00a0 \u00a0 \u00a0 \u00a0 \u00a0 \u00a0 \u00a0 \u00a0Elitsa Peltekova, Eliza Stefanova(2017) Virtual Reality in Class for Inquiry-Based Learning \u201coutside\u201d the classroom, Proceedings of the Forty Sixth Spring Conference of the Union of Bulgarian Mathematicians, Borovetz, April 9\u201313, 2017, 2017, pp.280-286, doi:ISSN: 1313-3330<\/p>\n<p>\u00a0<\/p>\n<p>12\u00a0 \u00a0 \u00a0 \u00a0 \u00a0 \u00a0 \u00a0 \u00a0Dimov, A., Peltekova, E. (2016) Software Architecture for Interactive Learning Whiteboard,<\/p>\n<p>INTED2016 Proceedings, IATED Digital Library, pp. 1117-1125, DOI: 10.21125\/inted.2016.1247<\/p>\n<p>\u00a0<\/p>\n<p>13\u00a0 \u00a0 \u00a0 \u00a0 \u00a0 \u00a0 \u00a0 \u00a0Dimov, A., Peltekova, E., Stefanova, E., Miteva, D. (2015) User-oriented service composition platform, IMCL2015 Proceeding, IEEE Xplore, pp111-115, DOI: 10.1109\/IMCTL.2015.7359566<\/p>\n<p>\u00a0<\/p>\n<p>14\u00a0 \u00a0 \u00a0 \u00a0 \u00a0 \u00a0 \u00a0 \u00a0Peltekova, E. (2015) Application of the Powerful Educational Tool Interactive Whiteboard,<\/p>\n<p>ICERI2015 Proceedings, IATED Digital Library, pp.4388-4397, ISBN: 978-84-608-2657-6<\/p>\n<p>\u00a0<\/p>\n<p>15\u00a0 \u00a0 \u00a0 \u00a0 \u00a0 \u00a0 \u00a0 \u00a0Peltekova, E., Stefanova, E. (2015) Academic literacies of higher education lecturers: Readiness for the challenges of tomorrow&#8217;s education, Proceedings Innovative Education of the 21st Century<\/p>\n<p>\u00a0<\/p>\n<p>16\u00a0 \u00a0 \u00a0 \u00a0 \u00a0 \u00a0 \u00a0 \u00a0Peltekova, E. (2015) Instructional technology tool for effective education \u2013 interactive white board, MIDOC2015 Abstracts, http:\/\/math.bas.bg\/midoc2015\/abstracts\/ElitsaPeltekova_MIDOC2015_Word_Template_EPeltekova_Final.pdf<\/p>\n<p>\u00a0<\/p>\n<p>17\u00a0 \u00a0 \u00a0 \u00a0 \u00a0 \u00a0 \u00a0 \u00a0Peltekova, E., Miteva, D., Stefanova, E. (2015) Creative Control Over Educational Systems,<\/p>\n<p>EDULEARN15 Proceedings, IATED Digital Library, pp.4906-4915, ISBN: 978-84-606-8243-1<\/p>\n<p>\u00a0<\/p>\n<p>18\u00a0 \u00a0 \u00a0 \u00a0 \u00a0 \u00a0 \u00a0 \u00a0Peltekova, E., Miteva, D., Stefanova, E., Stefanov, K. (2014) Mobile Technologies Supporting Research Approach in Teaching and Learning, weSPOT inquiry-based study,<\/p>\n<p>IMCL2015 Proceeding, IEEE Xplore, pp. 198-202, DOI: 10.1109\/IMCTL.2014.7011131<\/p>\n<p>\u00a0<\/p>\n<p>19\u00a0 \u00a0 \u00a0 \u00a0 \u00a0 \u00a0 \u00a0 \u00a0Miteva, D., Peltekova, E., Stefanova, E. (2014) The Lost Energy and How to Collect It with weSPOT Tools, MIE2014 Proceeding, pp. 112-121, ISBN: 978-954-07-3759-1<\/p>\n<p>\u00a0<\/p>\n<p>20\u00a0 \u00a0 \u00a0 \u00a0 \u00a0 \u00a0 \u00a0 \u00a0Miteva, D., Peltekova, E., Stefanova, E., Stefanov, K. (2014) Real Quality Distance e-Learning \u2013 Real Challenges: Case in Faculty of Mathematics and Informatics, Sofia University,<\/p>\n<p>Proceeding of the International Conference on e-Learning\u201914, pp. 169-175, ISBN: 978-954-712-611-4<\/p>\n<p>\u00a0<\/p>\n<p>21\u00a0 \u00a0 \u00a0 \u00a0 \u00a0 \u00a0 \u00a0 \u00a0Miteva, D., Peltekova, E., Stefanova, E. (2014) Research approaches in teaching and learning, weSPOT technology tools, END 2014 Proceeding, pp. 258-260, ISBN: 978-989-97866-7-7<\/p>\n<p>\u00a0<\/p>\n<p>22\u00a0 \u00a0 \u00a0 \u00a0 \u00a0 \u00a0 \u00a0 \u00a0Stefanova, E., Nikolova, N., Peltekova, E., et al. (2011) Share. TEC: an innovative solution for teacher educator, ICERI2011 Proceedings, IATED Digital Library, pp. 1679-1688, ISBN: 978-84-615-3324-4<\/p>\n<p>\u00a0<\/p>\n<p>23\u00a0 \u00a0 \u00a0 \u00a0 \u00a0 \u00a0 \u00a0 \u00a0Stefanova, E., Nikolova, N., Peltekova, E., et al. (2011) Knowledge Sharing with Share.TEC portal,<\/p>\n<p>Proceedings of the International Conference in E-learning and the Knowledge Society,<\/p>\n<p>ASE Publishing House, pp. 273 \u2013 278, ISBN: 978-606-505-459-2<\/p>\n<p>\u00a0<\/p>\n<p>24\u00a0 \u00a0 \u00a0 \u00a0 \u00a0 \u00a0 \u00a0 \u00a0Peltekova, E. (2011) Share.TEC &#8211; Technology related solution for support of teacher educators,<\/p>\n<p>Proceedins of International Conference E-Learning, Distance Education or \u2026 the Education of 21st Century,<\/p>\n<p>Demetra Publishing House, pp. 180-184, ISBN: 978-954-9526-75-2<\/p>\n<p>\u00a0<\/p>\n<p>25\u00a0 \u00a0 \u00a0 \u00a0 \u00a0 \u00a0 \u00a0 \u00a0Stefanova, E., Nikolova, N., Kovatcheva, E., Sendova, E., Peltekova, E., et al. (2011)<\/p>\n<p>From a &#8222;Flap of a Butterfly Wing&#8220; to the &#8222;Wind of Change&#8220;, Proceedings of 40th Jubilee Spring conference of Union of Bulgarian Mathematicians, Prosveta Publishing House, pp. 444-453, ISSN 1313-3330<\/p>\n<p>\u00a0<\/p>\n<p>26\u00a0 \u00a0 \u00a0 \u00a0 \u00a0 \u00a0 \u00a0 \u00a0Yakova, Z., Peltekova, E. (2010) E-learning software contributing to development of networking competition, S3T\u20192010 Proceedings, pp. 276-277, ISBN: 987-954-9526-71-4<\/p>\n<p>\u00a0<\/p>\n<p>27\u00a0 \u00a0 \u00a0 \u00a0 \u00a0 \u00a0 \u00a0 \u00a0Stefanova, E., Nikolova, N., Kovatcheva, E., Sendova, E., Peltekova, E., et al. (2010)<\/p>\n<p>From a &#8222;Flap of a Butterfly Wing&#8220; to the &#8222;Wind of Change&#8220;,<\/p>\n<p>Constructionism 2010 Proceedings, pp. 91, ISBN: 978-80-89186-65-5<\/p>","protected":false},"excerpt":{"rendered":"<p>\u041f\u0443\u0431\u043b\u0438\u043a\u0430\u0446\u0438\u0438 Paper in journal 1\u00a0 \u00a0 \u00a0 \u00a0 \u00a0 \u00a0 \u00a0 \u00a0 \u00a0 Elitsa Peltekova, Grzegorz Gawdzik, Robert Budzy\u0144ski, Arkadiusz Or\u0142owski, Eliza Stefanova (2017) Virtual Campus Walk, EduAkcja, Issue: nr. 2 (14), 2017, pp.125-132, doi:ISSN 2081-870X, in collaboration with international researchers \u00a0 2\u00a0 \u00a0 \u00a0 \u00a0 \u00a0 \u00a0 \u00a0 \u00a0 \u00a0 Elitsa Peltekova, Eliza Stefanova [&hellip;]<\/p>","protected":false},"author":1,"featured_media":0,"parent":0,"menu_order":0,"comment_status":"closed","ping_status":"closed","template":"elementor_header_footer","meta":[],"_links":{"self":[{"href":"https:\/\/peltekova.com\/en\/wp-json\/wp\/v2\/pages\/37"}],"collection":[{"href":"https:\/\/peltekova.com\/en\/wp-json\/wp\/v2\/pages"}],"about":[{"href":"https:\/\/peltekova.com\/en\/wp-json\/wp\/v2\/types\/page"}],"author":[{"embeddable":true,"href":"https:\/\/peltekova.com\/en\/wp-json\/wp\/v2\/users\/1"}],"replies":[{"embeddable":true,"href":"https:\/\/peltekova.com\/en\/wp-json\/wp\/v2\/comments?post=37"}],"version-history":[{"count":32,"href":"https:\/\/peltekova.com\/en\/wp-json\/wp\/v2\/pages\/37\/revisions"}],"predecessor-version":[{"id":673,"href":"https:\/\/peltekova.com\/en\/wp-json\/wp\/v2\/pages\/37\/revisions\/673"}],"wp:attachment":[{"href":"https:\/\/peltekova.com\/en\/wp-json\/wp\/v2\/media?parent=37"}],"curies":[{"name":"wp","href":"https:\/\/api.w.org\/{rel}","templated":true}]}}